{"id":220,"date":"2023-06-16T11:24:40","date_gmt":"2023-06-16T09:24:40","guid":{"rendered":"http:\/\/pipoinsilj.cluster020.hosting.ovh.net\/ivreequilibre\/?page_id=220"},"modified":"2024-09-09T17:28:50","modified_gmt":"2024-09-09T15:28:50","slug":"lecole-de-cirque","status":"publish","type":"page","link":"https:\/\/www.ivredequilibre.com\/index.php\/lecole-de-cirque\/","title":{"rendered":"L&rsquo;\u00e9cole de cirque"},"content":{"rendered":"<section class=\"wpb-content-wrapper\"><p>[vc_row tlg_text_align=\u00a0\u00bbtext-center\u00a0\u00bb][vc_column width=\u00a0\u00bb1\/6&Prime;][\/vc_column][vc_column width=\u00a0\u00bb2\/3&Prime;]<div class=\"headings-title\"><div class=\"mb72  mb-xs-40 text-center\"><h4  class=\"widgettitle \">L'\u00e9cole de cirque<\/h4><div class=\"divider-wrap\"><i  class=\"ti-star\"><\/i><div class=\"tlg-divider\"><\/div><\/div><div  class=\"widgetsubtitle\">situ\u00e9e \u00e0 Saint ju\u00e9ry au complexe de La Laiterie<\/div><\/div><\/div>[vc_column_text]<\/p>\n<p style=\"text-align: justify;\">L&rsquo;\u00e9cole Ivre d&rsquo;\u00e9quilibre, c&rsquo;est des cours hebdomadaires dans notre salle de cirque ou des stages pendant les vacances, mais c&rsquo;est aussi une \u00e9cole en itin\u00e9rance, dans les \u00e9coles, dans les institutions, o\u00f9 nos pas nous guident !<\/p>\n<p>[\/vc_column_text][\/vc_column][vc_column width=\u00a0\u00bb1\/6&Prime;][\/vc_column][\/vc_row][vc_row full_width=\u00a0\u00bbstretch_row\u00a0\u00bb][vc_column width=\u00a0\u00bb1\/3&Prime; css=\u00a0\u00bb.vc_custom_1686907995473{padding-top: 0px !important;padding-right: 0px !important;padding-bottom: 0px !important;padding-left: 0px !important;}\u00a0\u00bb]<div class=\"image-captions\"><div class=\"tlg-banner\"><figure class=\"hover-caption-5\"><img loading=\"lazy\" decoding=\"async\" width=\"1757\" height=\"1317\" src=\"https:\/\/www.ivredequilibre.com\/wp-content\/uploads\/2023\/06\/DSC08650-min4-3.jpg\" class=\"attachment-full size-full\" alt=\"\" srcset=\"https:\/\/www.ivredequilibre.com\/wp-content\/uploads\/2023\/06\/DSC08650-min4-3.jpg 1757w, https:\/\/www.ivredequilibre.com\/wp-content\/uploads\/2023\/06\/DSC08650-min4-3-300x225.jpg 300w, https:\/\/www.ivredequilibre.com\/wp-content\/uploads\/2023\/06\/DSC08650-min4-3-1024x768.jpg 1024w, https:\/\/www.ivredequilibre.com\/wp-content\/uploads\/2023\/06\/DSC08650-min4-3-768x576.jpg 768w, https:\/\/www.ivredequilibre.com\/wp-content\/uploads\/2023\/06\/DSC08650-min4-3-1536x1151.jpg 1536w, https:\/\/www.ivredequilibre.com\/wp-content\/uploads\/2023\/06\/DSC08650-min4-3-600x450.jpg 600w\" sizes=\"auto, (max-width: 1757px) 100vw, 1757px\" \/><figcaption><div><h2 style=\"font-size:30px;line-height:40px;\">Cours hebdomadaire<\/h2><p  ><\/p><\/div><a href= \"https:\/\/www.ivredequilibre.com\/index.php\/lecole-de-cirque\/cours\/\" target=\"_self\" >View More<\/a><\/figcaption><\/figure><\/div><\/div>[\/vc_column][vc_column width=\u00a0\u00bb1\/3&Prime; css=\u00a0\u00bb.vc_custom_1686908007527{padding-top: 0px !important;padding-right: 0px !important;padding-bottom: 0px !important;padding-left: 0px !important;}\u00a0\u00bb]<div class=\"image-captions\"><div class=\"tlg-banner\"><figure class=\"hover-caption-5\"><img loading=\"lazy\" decoding=\"async\" width=\"2560\" height=\"1919\" src=\"https:\/\/www.ivredequilibre.com\/wp-content\/uploads\/2023\/06\/IMG_6251-4-3-scaled.jpg\" class=\"attachment-full size-full\" alt=\"\" srcset=\"https:\/\/www.ivredequilibre.com\/wp-content\/uploads\/2023\/06\/IMG_6251-4-3-scaled.jpg 2560w, https:\/\/www.ivredequilibre.com\/wp-content\/uploads\/2023\/06\/IMG_6251-4-3-300x225.jpg 300w, https:\/\/www.ivredequilibre.com\/wp-content\/uploads\/2023\/06\/IMG_6251-4-3-1024x768.jpg 1024w, https:\/\/www.ivredequilibre.com\/wp-content\/uploads\/2023\/06\/IMG_6251-4-3-768x576.jpg 768w, https:\/\/www.ivredequilibre.com\/wp-content\/uploads\/2023\/06\/IMG_6251-4-3-1536x1152.jpg 1536w, https:\/\/www.ivredequilibre.com\/wp-content\/uploads\/2023\/06\/IMG_6251-4-3-2048x1536.jpg 2048w, https:\/\/www.ivredequilibre.com\/wp-content\/uploads\/2023\/06\/IMG_6251-4-3-600x450.jpg 600w\" sizes=\"auto, (max-width: 2560px) 100vw, 2560px\" \/><figcaption><div><h2 style=\"font-size:30px;line-height:40px;\">Stages<\/h2><p  ><\/p><\/div><a href= \"https:\/\/www.ivredequilibre.com\/index.php\/lecole-de-cirque\/stages\/\" target=\"_self\" >View More<\/a><\/figcaption><\/figure><\/div><\/div>[\/vc_column][vc_column width=\u00a0\u00bb1\/3&Prime; css=\u00a0\u00bb.vc_custom_1686908019709{padding-top: 0px !important;padding-right: 0px !important;padding-bottom: 0px !important;padding-left: 0px !important;}\u00a0\u00bb]<div class=\"image-captions\"><div class=\"tlg-banner\"><figure class=\"hover-caption-5\"><img loading=\"lazy\" decoding=\"async\" width=\"2560\" height=\"1919\" src=\"https:\/\/www.ivredequilibre.com\/wp-content\/uploads\/2023\/06\/IMG_0035-4-3-scaled.jpg\" class=\"attachment-full size-full\" alt=\"\" srcset=\"https:\/\/www.ivredequilibre.com\/wp-content\/uploads\/2023\/06\/IMG_0035-4-3-scaled.jpg 2560w, https:\/\/www.ivredequilibre.com\/wp-content\/uploads\/2023\/06\/IMG_0035-4-3-300x225.jpg 300w, https:\/\/www.ivredequilibre.com\/wp-content\/uploads\/2023\/06\/IMG_0035-4-3-1024x768.jpg 1024w, https:\/\/www.ivredequilibre.com\/wp-content\/uploads\/2023\/06\/IMG_0035-4-3-768x576.jpg 768w, https:\/\/www.ivredequilibre.com\/wp-content\/uploads\/2023\/06\/IMG_0035-4-3-1536x1152.jpg 1536w, https:\/\/www.ivredequilibre.com\/wp-content\/uploads\/2023\/06\/IMG_0035-4-3-2048x1536.jpg 2048w, https:\/\/www.ivredequilibre.com\/wp-content\/uploads\/2023\/06\/IMG_0035-4-3-600x450.jpg 600w\" sizes=\"auto, (max-width: 2560px) 100vw, 2560px\" \/><figcaption><div><h2 style=\"font-size:30px;line-height:40px;\">En itin\u00e9rance<\/h2><p  ><\/p><\/div><a href= \"https:\/\/www.ivredequilibre.com\/index.php\/lecole-de-cirque\/en-itinerance\/\" target=\"_self\" >View More<\/a><\/figcaption><\/figure><\/div><\/div>[\/vc_column][\/vc_row][vc_row full_width=\u00a0\u00bbstretch_row\u00a0\u00bb][vc_column]<section class=\"image-half p0 \">\n\t\t\t\t\t\t    <div class=\"col-lg-6 p0 col-lg-push-6\">\n\t\t\t\t\t\t    \t<div class=\"intro-image\"><img loading=\"lazy\" decoding=\"async\" width=\"1704\" height=\"2272\" src=\"https:\/\/www.ivredequilibre.com\/wp-content\/uploads\/2023\/06\/P1290382-rotated.jpg\" class=\"mb-xs-24\" alt=\"\" srcset=\"https:\/\/www.ivredequilibre.com\/wp-content\/uploads\/2023\/06\/P1290382-rotated.jpg 1704w, https:\/\/www.ivredequilibre.com\/wp-content\/uploads\/2023\/06\/P1290382-225x300.jpg 225w, https:\/\/www.ivredequilibre.com\/wp-content\/uploads\/2023\/06\/P1290382-768x1024.jpg 768w, https:\/\/www.ivredequilibre.com\/wp-content\/uploads\/2023\/06\/P1290382-1152x1536.jpg 1152w, https:\/\/www.ivredequilibre.com\/wp-content\/uploads\/2023\/06\/P1290382-1536x2048.jpg 1536w, https:\/\/www.ivredequilibre.com\/wp-content\/uploads\/2023\/06\/P1290382-600x800.jpg 600w\" sizes=\"auto, (max-width: 1704px) 100vw, 1704px\" \/>\n\t\t\t\t\t\t    \t<\/div>\n\t\t\t\t\t\t    <\/div>\n\t\t\t\t\t\t    <div class=\"container\">\n\t\t\t\t\t\t        <div class=\"col-lg-6 col-lg-pull-0 pr-l-80 vertical-alignment\"><h1 class=\"widgettitle mb16\">L'\u00e9quipe<\/h1><div>D\u00e9couvrez toute l&rsquo;\u00e9quipe \u00e0 l&rsquo;ann\u00e9e. Le c\u0153ur de l&rsquo;association. Sans eux\u00b7elles, pas de cours !<br \/>\nNous avons aussi d&rsquo;autres intervenants pour les stages qui peuvent varier.<\/div><a  id=\"btn-69f2cbb4bd694\" class=\"btn btn-filled btn-dark btn-rounded  btn-lg btn-sm-sm text-center mr-0 mb0 mt24\" href= \"https:\/\/www.ivredequilibre.com\/index.php\/lecole-de-cirque\/lequipe-pedagogique\/\" target=\"_self\" >D\u00e9couvrir l'\u00e9quipe !<\/a><\/div>\n\t\t\t\t\t\t    <\/div>\n\t\t\t\t\t\t<\/section>[\/vc_column][\/vc_row]<\/p>\n<\/section>","protected":false},"excerpt":{"rendered":"<p>[vc_row tlg_text_align=\u00a0\u00bbtext-center\u00a0\u00bb][vc_column width=\u00a0\u00bb1\/6&Prime;][\/vc_column][vc_column width=\u00a0\u00bb2\/3&Prime;][vc_column_text] L&rsquo;\u00e9cole Ivre d&rsquo;\u00e9quilibre, c&rsquo;est des cours hebdomadaires dans notre salle de cirque&#8230;<\/p>\n","protected":false},"author":1,"featured_media":1046,"parent":0,"menu_order":0,"comment_status":"closed","ping_status":"closed","template":"","meta":{"footnotes":""},"class_list":["post-220","page","type-page","status-publish","has-post-thumbnail","hentry"],"_links":{"self":[{"href":"https:\/\/www.ivredequilibre.com\/index.php\/wp-json\/wp\/v2\/pages\/220","targetHints":{"allow":["GET"]}}],"collection":[{"href":"https:\/\/www.ivredequilibre.com\/index.php\/wp-json\/wp\/v2\/pages"}],"about":[{"href":"https:\/\/www.ivredequilibre.com\/index.php\/wp-json\/wp\/v2\/types\/page"}],"author":[{"embeddable":true,"href":"https:\/\/www.ivredequilibre.com\/index.php\/wp-json\/wp\/v2\/users\/1"}],"replies":[{"embeddable":true,"href":"https:\/\/www.ivredequilibre.com\/index.php\/wp-json\/wp\/v2\/comments?post=220"}],"version-history":[{"count":18,"href":"https:\/\/www.ivredequilibre.com\/index.php\/wp-json\/wp\/v2\/pages\/220\/revisions"}],"predecessor-version":[{"id":1226,"href":"https:\/\/www.ivredequilibre.com\/index.php\/wp-json\/wp\/v2\/pages\/220\/revisions\/1226"}],"wp:featuredmedia":[{"embeddable":true,"href":"https:\/\/www.ivredequilibre.com\/index.php\/wp-json\/wp\/v2\/media\/1046"}],"wp:attachment":[{"href":"https:\/\/www.ivredequilibre.com\/index.php\/wp-json\/wp\/v2\/media?parent=220"}],"curies":[{"name":"wp","href":"https:\/\/api.w.org\/{rel}","templated":true}]}}