{"id":288,"date":"2023-06-21T13:42:49","date_gmt":"2023-06-21T11:42:49","guid":{"rendered":"http:\/\/pipoinsilj.cluster020.hosting.ovh.net\/ivreequilibre\/?page_id=288"},"modified":"2026-01-20T21:34:09","modified_gmt":"2026-01-20T20:34:09","slug":"lequipe-pedagogique","status":"publish","type":"page","link":"https:\/\/www.ivredequilibre.com\/index.php\/lecole-de-cirque\/lequipe-pedagogique\/","title":{"rendered":"L&rsquo;\u00e9quipe"},"content":{"rendered":"<section class=\"wpb-content-wrapper\"><p>[vc_row][vc_column][vc_column_text]<\/p>\n<h5 style=\"text-align: center;\"><em>\u00ab\u00a0Tout seul on va plus vite, ensemble on va plus loin\u00a0\u00bb<\/em><\/h5>\n<p style=\"text-align: center;\">Proverbe africain<\/p>\n<p>[\/vc_column_text][\/vc_column][\/vc_row][vc_row tlg_padding=\u00a0\u00bbpb0&Prime;][vc_column width=\u00a0\u00bb1\/6&Prime;][\/vc_column][vc_column width=\u00a0\u00bb2\/3&Prime;]<div class=\"headings-title\"><div class=\"mb72  mb-xs-40 text-center\"><h4  class=\"widgettitle \">L'\u00e9quipe p\u00e9dagogique<\/h4><div class=\"divider-wrap\"><i  class=\"ti-user\"><\/i><div class=\"tlg-divider\"><\/div><\/div><\/div><\/div>[\/vc_column][vc_column width=\u00a0\u00bb1\/6&Prime;][\/vc_column][\/vc_row][vc_row tlg_text_align=\u00a0\u00bbtext-center\u00a0\u00bb][vc_column width=\u00a0\u00bb1\/4&Prime;][vc_single_image image=\u00a0\u00bb396&Prime; img_size=\u00a0\u00bbfull\u00a0\u00bb alignment=\u00a0\u00bbcenter\u00a0\u00bb style=\u00a0\u00bbvc_box_circle_2&Prime; css_animation=\u00a0\u00bbbounceInLeft\u00a0\u00bb]<div class=\"headings-title\"><div class=\"mb0 mb16 mb-xs-40 text-center\"><h5  class=\"widgettitle mb0\">Julien<\/h5><div  class=\"widgetsubtitle\">``Ju``<\/div><\/div><\/div><div class=\"tlg-spacer\" data-height=\"10\" data-height-tablet=\"10\" data-height-mobile=\"10\" style=\"clear:both;display:block;height:10px;\"><\/div>[vc_column_text]<\/p>\n<ul>\n<li style=\"text-align: justify;\">BPJEPS Activit\u00e9s du cirque &#8211; 2018<\/li>\n<li style=\"text-align: justify;\">Formation Clown-Th\u00e9\u00e2tre &#8211; 2020<\/li>\n<li style=\"text-align: justify;\">Formation Animateur de stage clown &#8211; 2020<\/li>\n<\/ul>\n<p style=\"text-align: justify;\">\u00ab\u00a0Apr\u00e8s avoir d\u00e9couvert la culture cirque en Am\u00e9rique Latine en 2016, je me suis lanc\u00e9 dans la p\u00e9dagogie en passant mon BPJEPS Activit\u00e9s du cirque en revenant en France. Gr\u00e2ce \u00e0 cette formation, j&rsquo;ai enfin trouv\u00e9 un outil dans lequel je peux transmettre mes valeurs de partage, bienveillance et humaine. Je trouve que le cirque est un outil extraordinaire pour le d\u00e9veloppement de tout un chacun.<\/p>\n<p style=\"text-align: justify;\">Arriv\u00e9 dans le Tarn en 2019, j&rsquo;ai d\u00e9cid\u00e9 de continuer \u00e0 me former au clown avec 2 formations : une ax\u00e9e sur le jeu de sc\u00e8ne et la deuxi\u00e8me pour animer des stages de clown.<br \/>\nJe continue \u00e0 me former r\u00e9guli\u00e8rement afin de ne jamais cesser d&rsquo;apprendre !<\/p>\n<p style=\"text-align: justify;\">J&rsquo;ai fait et je continue de temps en temps \u00e0 faire de la sc\u00e8ne, cependant, ce qui m&rsquo;anime, c&rsquo;est justement d&rsquo;animer les autres. J&rsquo;aime transmettre et voir les gens s&rsquo;\u00e9panouir \u00e0 travers ce que je propose. Je trouve un \u00e9quilibre dans cet art que j&rsquo;aime exp\u00e9rimenter avec les autres.\u00a0\u00bb<\/p>\n<p>[\/vc_column_text][\/vc_column][vc_column width=\u00a0\u00bb1\/4&Prime;][vc_single_image image=\u00a0\u00bb395&Prime; img_size=\u00a0\u00bbfull\u00a0\u00bb alignment=\u00a0\u00bbcenter\u00a0\u00bb style=\u00a0\u00bbvc_box_circle_2&Prime; css_animation=\u00a0\u00bbbounceInLeft\u00a0\u00bb]<div class=\"headings-title\"><div class=\"mb0 mb16 mb-xs-40 text-center\"><h5  class=\"widgettitle mb0\">F\u00e9lix<\/h5><div  class=\"widgetsubtitle\">``Bichon``<\/div><\/div><\/div><div class=\"tlg-spacer\" data-height=\"10\" data-height-tablet=\"10\" data-height-mobile=\"10\" style=\"clear:both;display:block;height:10px;\"><\/div>[vc_column_text]<\/p>\n<ul>\n<li style=\"text-align: justify;\">BPJEPS Activit\u00e9s du cirque &#8211; 2021<\/li>\n<\/ul>\n<p style=\"text-align: justify;\">\u00ab\u00a0Depuis tout jeune amateur de pr\u00e9paration physique, j&rsquo;ai d\u00e9couvert le cirque en 2019, alors que je cherchais une activit\u00e9 physique plus artistique.<\/p>\n<p style=\"text-align: justify;\">J&rsquo;ai tout de suite appr\u00e9ci\u00e9 cette ambiance d\u00e9tendue, bienveillante et conviviale.<\/p>\n<p style=\"text-align: justify;\">Observant comment elle permettait \u00e0 chacun de se connecter \u00e0 son inspiration, explorer ces \u00e9lans cr\u00e9atifs avec curiosit\u00e9 et jeu, seul\u00b7e ou en lien avec l&rsquo;autre ou le groupe.<\/p>\n<p style=\"text-align: justify;\">Le cirque me fait du bien ! Physiquement, moralement&#8230; C&rsquo;est ce qui m&rsquo;a donn\u00e9 envie de partager ces bienfaits avec les autres et me professionnaliser en passant le BPJEPS activit\u00e9s du cirque en 2021.<\/p>\n<p style=\"text-align: justify;\">Aujourd&rsquo;hui, j&rsquo;ai de la gratitude pour faire ce m\u00e9tier qui me permet d&rsquo;accompagner de nombreux \u00eatres humains de tous \u00e2ges vers plus de bien-\u00eatre, de confiance, de coop\u00e9ration et d&rsquo;expression de leur cr\u00e9ativit\u00e9.<\/p>\n<p style=\"text-align: justify;\">Longue Vie au Cirque !<\/p>\n<p style=\"text-align: justify;\">Et peut-\u00eatre \u00e0 tout bient\u00f4t \ud83d\ude09 !\u00a0\u00bb<\/p>\n<p>[\/vc_column_text][\/vc_column][vc_column width=\u00a0\u00bb1\/4&Prime;][vc_single_image image=\u00a0\u00bb397&Prime; img_size=\u00a0\u00bbfull\u00a0\u00bb alignment=\u00a0\u00bbcenter\u00a0\u00bb style=\u00a0\u00bbvc_box_circle_2&Prime; css_animation=\u00a0\u00bbbounceInLeft\u00a0\u00bb]<div class=\"headings-title\"><div class=\"mb0 mb16 mb-xs-40 text-center\"><h5  class=\"widgettitle mb0\">Joris<\/h5><\/div><\/div><div class=\"tlg-spacer\" data-height=\"10\" data-height-tablet=\"10\" data-height-mobile=\"10\" style=\"clear:both;display:block;height:10px;\"><\/div>[vc_column_text]<\/p>\n<ul>\n<li style=\"text-align: justify;\">Formation Acroyoga &#8211; Arte y Movimiento &#8211; 2022<\/li>\n<\/ul>\n<p style=\"text-align: justify;\">\u00ab\u00a0J&rsquo;ai commenc\u00e9 \u00e0 prendre des cours de cirque il y a environ 10 ans avec l \u00e9cole de cirque Pistil \u00e0 Graulhet, d&rsquo;abord de fa\u00e7on ponctuelle puis au fil du temps j ai vraiment pris go\u00fbt \u00e0 cette art. J&rsquo;ai voulu mis investir plus en essayant diff\u00e9rentes disciplines : a\u00e9rien, jongle, acrobatie, \u00e9quilibre.<\/p>\n<p style=\"text-align: justify;\">En 2019, lors d&rsquo;un voyage au Canaries, on me fait d\u00e9couvrir l&rsquo;acroyoga. Un an apr\u00e8s je commence \u00e0 vraiment aimer cette discipline que je d\u00e9veloppe en autodidacte en organisant des jams afin de partager cette passion.<\/p>\n<p style=\"text-align: justify;\">En 2021, je commence une formation sur Toulouse avec Arte y Movimento pour approfondir ma technique et devenir formateur en acroyoga. Depuis, j ai pris passion pour cette discipline et plus globalement par le port\u00e9 acrobatique.<\/p>\n<p style=\"text-align: justify;\">Depuis 2022, je commence \u00e0 donner des cours et des stages d&rsquo;acroyoga sans cesser de me former.\u00a0\u00bb<\/p>\n<p><span class=\"x4k7w5x x1h91t0o x1h9r5lt x1jfb8zj xv2umb2 x1beo9mf xaigb6o x12ejxvf x3igimt xarpa2k xedcshv x1lytzrv x1t2pt76 x7ja8zs x1qrby5j\"><span class=\"x193iq5w xeuugli x13faqbe x1vvkbs x1xmvt09 x1lliihq x1s928wv xhkezso x1gmr53x x1cpjm7i x1fgarty x1943h6x xudqn12 x3x7a5m x6prxxf xvq8zen xo1l8bm xzsf02u\" dir=\"auto\">\u00a0<\/span><\/span>[\/vc_column_text][\/vc_column][vc_column width=\u00a0\u00bb1\/4&Prime;][vc_single_image image=\u00a0\u00bb1222&Prime; img_size=\u00a0\u00bb\u00a0\u00bb alignment=\u00a0\u00bbcenter\u00a0\u00bb style=\u00a0\u00bbvc_box_circle_2&Prime; css_animation=\u00a0\u00bbbounceInLeft\u00a0\u00bb]<div class=\"headings-title\"><div class=\"mb72 mb-xs-40 text-center\"><h5  class=\"widgettitle mb0\">Elisa<\/h5><\/div><\/div>[vc_column_text]<\/p>\n<ul>\n<li style=\"text-align: justify;\">BPJEPS activit\u00e9s du cirque, 2024<\/li>\n<li style=\"text-align: justify;\">Enseignante d&rsquo;acroyoga, 2022<\/li>\n<li style=\"text-align: justify;\">Licence en Sciences de l&rsquo;\u00e9ducation, 2016<\/li>\n<\/ul>\n<p style=\"text-align: justify;\">Je suis tomb\u00e9e amoureuse des Arts du cirque depuis quelques ann\u00e9es, et c\u2019est \u00e0 travers l\u2019animation des cours et la pratique que j\u2019ai trouv\u00e9 ma voie. J\u2019adore transmettre des valeurs qui me tiennent \u00e0 c\u0153ur : la coop\u00e9ration, l\u2019entraide, tout en encourageant la cr\u00e9ativit\u00e9. Le d\u00e9veloppement personnel et collectif m\u2019inspire au quotidien !<\/p>\n<p style=\"text-align: justify;\">Mon aventure a commenc\u00e9 pendant mes \u00e9tudes \u00e0 la Facult\u00e9 des Sciences de l\u2019\u00c9ducation \u00e0 Turin, en Italie, d\u2019o\u00f9 je suis originaire. Aujourd\u2019hui, je suis fi\u00e8re d\u2019\u00eatre dipl\u00f4m\u00e9e d\u2019un BPJEPS mention Activit\u00e9s du Cirque, ce qui me permet de continuer \u00e0 partager ma passion.\u00a0Ma sp\u00e9cialit\u00e9 ? Les port\u00e9s et l\u2019acroyoga !<\/p>\n<p>[\/vc_column_text][\/vc_column][\/vc_row]<\/p>\n<\/section>","protected":false},"excerpt":{"rendered":"<p>[vc_row][vc_column][vc_column_text] \u00ab\u00a0Tout seul on va plus vite, ensemble on va plus loin\u00a0\u00bb Proverbe africain [\/vc_column_text][\/vc_column][\/vc_row][vc_row tlg_padding=\u00a0\u00bbpb0&Prime;][vc_column&#8230;<\/p>\n","protected":false},"author":1,"featured_media":401,"parent":220,"menu_order":0,"comment_status":"closed","ping_status":"closed","template":"","meta":{"footnotes":""},"class_list":["post-288","page","type-page","status-publish","has-post-thumbnail","hentry"],"_links":{"self":[{"href":"https:\/\/www.ivredequilibre.com\/index.php\/wp-json\/wp\/v2\/pages\/288","targetHints":{"allow":["GET"]}}],"collection":[{"href":"https:\/\/www.ivredequilibre.com\/index.php\/wp-json\/wp\/v2\/pages"}],"about":[{"href":"https:\/\/www.ivredequilibre.com\/index.php\/wp-json\/wp\/v2\/types\/page"}],"author":[{"embeddable":true,"href":"https:\/\/www.ivredequilibre.com\/index.php\/wp-json\/wp\/v2\/users\/1"}],"replies":[{"embeddable":true,"href":"https:\/\/www.ivredequilibre.com\/index.php\/wp-json\/wp\/v2\/comments?post=288"}],"version-history":[{"count":50,"href":"https:\/\/www.ivredequilibre.com\/index.php\/wp-json\/wp\/v2\/pages\/288\/revisions"}],"predecessor-version":[{"id":5240,"href":"https:\/\/www.ivredequilibre.com\/index.php\/wp-json\/wp\/v2\/pages\/288\/revisions\/5240"}],"up":[{"embeddable":true,"href":"https:\/\/www.ivredequilibre.com\/index.php\/wp-json\/wp\/v2\/pages\/220"}],"wp:featuredmedia":[{"embeddable":true,"href":"https:\/\/www.ivredequilibre.com\/index.php\/wp-json\/wp\/v2\/media\/401"}],"wp:attachment":[{"href":"https:\/\/www.ivredequilibre.com\/index.php\/wp-json\/wp\/v2\/media?parent=288"}],"curies":[{"name":"wp","href":"https:\/\/api.w.org\/{rel}","templated":true}]}}