{"id":355,"date":"2023-06-28T10:53:58","date_gmt":"2023-06-28T08:53:58","guid":{"rendered":"http:\/\/pipoinsilj.cluster020.hosting.ovh.net\/ivreequilibre\/?page_id=355"},"modified":"2026-03-06T16:51:51","modified_gmt":"2026-03-06T15:51:51","slug":"stages","status":"publish","type":"page","link":"https:\/\/www.ivredequilibre.com\/index.php\/lecole-de-cirque\/stages\/","title":{"rendered":"Stages"},"content":{"rendered":"<section class=\"wpb-content-wrapper\"><p>[vc_row][vc_column width=\u00a0\u00bb1\/6&Prime;][\/vc_column][vc_column width=\u00a0\u00bb2\/3&Prime;]<div class=\"headings-title\"><div class=\"mb72  mb-xs-40 text-center\"><h4  class=\"widgettitle \">Les stages<\/h4><div class=\"divider-wrap\"><i  class=\"ti-hand-point-down\"><\/i><div class=\"tlg-divider\"><\/div><\/div><\/div><\/div>[vc_column_text]<\/p>\n<div id=\"m_-5896134322827776043m_-2808965963988918674gmail-comp-kqqjewht\">\n<div id=\"m_-5896134322827776043m_-2808965963988918674gmail-comp-kqqjewi1\">\n<p style=\"text-align: justify;\">Nous donnons des stages enfants \u00e0 chaque vacances scolaires (hormis celle de no\u00ebl) pour d\u00e9couvrir, approfondir, exp\u00e9rimenter les arts du cirque.<br \/>\nNous donnons aussi des stages adultes avec des intervenants ext\u00e9rieur \u00e0 l&rsquo;\u00e9quipe permanente afin d&rsquo;enrichir la proposition de l&rsquo;\u00e9cole.<\/p>\n<p style=\"text-align: center;\"><strong>Les stages enfants 2025\/2026<\/strong><strong> : <\/strong><\/p>\n<p><iframe id=\"haWidget\" style=\"width: 100%; height: 70px; border: none;\" src=\"https:\/\/www.helloasso.com\/associations\/ivre-d-equilibre\/evenements\/stages-enfants-2025-2026\/widget-bouton\"> { const dataHeight = e.data.height; const haWidgetElement = document.getElementById(&lsquo;haWidget&rsquo;); haWidgetElement.height = dataHeight + &lsquo;px&rsquo;; } )\u00a0\u00bb &gt;<\/iframe><\/p>\n<\/div>\n<p style=\"text-align: center;\"><strong>Les stages Ado\/Adultes 2025\/2026<\/strong><strong> : <\/strong><\/p>\n<p><iframe id=\"haWidget\" style=\"width: 100%; height: 70px; border: none;\" src=\"https:\/\/www.helloasso.com\/associations\/ivre-d-equilibre\/evenements\/stages-ado-adulte-2025-2026\/widget-bouton\"> { const dataHeight = e.data.height; const haWidgetElement = document.getElementById(&lsquo;haWidget&rsquo;); haWidgetElement.height = dataHeight + &lsquo;px&rsquo;; } )\u00a0\u00bb &gt;<\/iframe><\/p>\n<\/div>\n<div id=\"sconnect-is-installed\" style=\"display: none;\">2.15.1.0<\/div>\n<div id=\"sconnect-is-installed\" style=\"display: none;\">2.15.1.0<\/div>\n<div id=\"sconnect-is-installed\" style=\"display: none;\">2.15.1.0<\/div>\n<div id=\"sconnect-is-installed\" style=\"display: none;\">2.15.1.0<\/div>\n<p>[\/vc_column_text]<div class=\"tlg-spacer\" data-height=\"10\" data-height-tablet=\"10\" data-height-mobile=\"10\" style=\"clear:both;display:block;height:10px;\"><\/div><div class=\"headings-title\"><div class=\"mb72 mb16 mb-xs-40 text-center\"><h5  class=\"widgettitle mb0\">Les stages \u00e0 venir<\/h5><\/div><\/div>[\/vc_column][vc_column width=\u00a0\u00bb1\/6&Prime;][\/vc_column][\/vc_row][vc_row tlg_background_style=\u00a0\u00bbbg-secondary\u00a0\u00bb][vc_column width=\u00a0\u00bb1\/3&Prime;][vc_column_text]<\/p>\n<h5 style=\"text-align: center;\">4 &#8211; 6 ans<br \/>\nCirque multidisciplines<\/h5>\n<p style=\"text-align: left;\"><strong>De 10h30 \u00e0 12h<\/strong><\/p>\n<ul>\n<li><span class=\"a_GcMg font-feature-liga-off font-feature-clig-off font-feature-calt-off text-decoration-none text-strikethrough-none\">du 20 au 22 octobre 2025<\/span> (35 \u20ac)<\/li>\n<li><span data-v-07a3baf8=\"\">Du 23 au 27 f\u00e9vrier 2026 <\/span><\/li>\n<li><span data-v-07a3baf8=\"\">Du 20 au 22 avril 2026 <\/span><\/li>\n<\/ul>\n<p>[\/vc_column_text][\/vc_column][vc_column width=\u00a0\u00bb1\/3&Prime;][vc_column_text]<\/p>\n<h5 style=\"text-align: center;\">7 ans et +<br \/>\nCirque multidisciplines<\/h5>\n<p style=\"text-align: left;\"><strong>De 14 h \u00e0 16h30<\/strong><\/p>\n<ul>\n<li><span data-v-07a3baf8=\"\">Du 20 au 22 octobre 2025 <\/span> (50 \u20ac)<\/li>\n<li><span data-v-07a3baf8=\"\">Du 23 au 27 f\u00e9vrier 2026 <\/span>(80 \u20ac)<\/li>\n<li><span data-v-07a3baf8=\"\">Du 20 au 22 avril 2026 <\/span>(50 \u20ac)<\/li>\n<\/ul>\n<p>[\/vc_column_text][\/vc_column][vc_column width=\u00a0\u00bb1\/3&Prime;][vc_column_text]<\/p>\n<h5 style=\"text-align: center;\">6 ans et +<br \/>\nTh\u00e9\u00e2tre<\/h5>\n<p style=\"text-align: left;\"><strong>De 10h30 \u00e0 12h<\/strong><\/p>\n<ul>\n<li><span data-v-07a3baf8=\"\">Du 27 au 30 octobre 2025 (50 \u20ac)<\/span><\/li>\n<li><span data-v-07a3baf8=\"\">Du 2 au 5 mars 2026<\/span> (50 \u20ac)<\/li>\n<\/ul>\n<p>[\/vc_column_text][\/vc_column][\/vc_row][vc_row][vc_column width=\u00a0\u00bb1\/2&Prime;][vc_column_text]<\/p>\n<h5 style=\"text-align: center;\">9 ans et +<br \/>\nTh\u00e9\u00e2tre<\/h5>\n<p><strong>De 10 h \u00e0 12h30<\/strong><\/p>\n<ul>\n<li><span data-v-07a3baf8=\"\">Du 13 au 17 juillet 2026 <\/span>(80 \u20ac)<\/li>\n<\/ul>\n<p>[\/vc_column_text][\/vc_column][vc_column width=\u00a0\u00bb1\/2&Prime;][vc_column_text]<\/p>\n<h5 style=\"text-align: center;\">Ados\/Adultes<\/h5>\n<p>Horaires : de 14 h \u00e0 17 h<br \/>\nTarif : 35 \u20ac (+ adh\u00e9sion)<\/p>\n<ul>\n<li class=\"tier-item-description__title\">Parkour &#8211; Le <strong>11 octobre 2025<\/strong><\/li>\n<li class=\"tier-item-description__title\">Acro-Port\u00e9s &#8211; Le <strong>29 novembre 2025<\/strong><\/li>\n<li class=\"tier-item-description__title\">Jonglage &#8211; Le <strong>17 janvier 2026<\/strong><\/li>\n<li class=\"tier-item-description__title\">Acrodanse &#8211; Le<strong> 15 f\u00e9vrier 2026<\/strong><\/li>\n<li class=\"tier-item-description__title\"><span data-v-07a3baf8=\"\">Acro-port\u00e9s &#8211; Le<strong> 11 avril 2026<\/strong><\/span><\/li>\n<li class=\"tier-item-description__title\"><span data-v-07a3baf8=\"\">Parkour &#8211; Le<strong> 23 mai 2026<\/strong><\/span><\/li>\n<\/ul>\n<p>[\/vc_column_text][\/vc_column][\/vc_row]<\/p>\n<\/section>","protected":false},"excerpt":{"rendered":"<p>[vc_row][vc_column width=\u00a0\u00bb1\/6&Prime;][\/vc_column][vc_column width=\u00a0\u00bb2\/3&Prime;][vc_column_text] Nous donnons des stages enfants \u00e0 chaque vacances scolaires (hormis celle de no\u00ebl)&#8230;<\/p>\n","protected":false},"author":1,"featured_media":415,"parent":220,"menu_order":0,"comment_status":"closed","ping_status":"closed","template":"","meta":{"footnotes":""},"class_list":["post-355","page","type-page","status-publish","has-post-thumbnail","hentry"],"_links":{"self":[{"href":"https:\/\/www.ivredequilibre.com\/index.php\/wp-json\/wp\/v2\/pages\/355","targetHints":{"allow":["GET"]}}],"collection":[{"href":"https:\/\/www.ivredequilibre.com\/index.php\/wp-json\/wp\/v2\/pages"}],"about":[{"href":"https:\/\/www.ivredequilibre.com\/index.php\/wp-json\/wp\/v2\/types\/page"}],"author":[{"embeddable":true,"href":"https:\/\/www.ivredequilibre.com\/index.php\/wp-json\/wp\/v2\/users\/1"}],"replies":[{"embeddable":true,"href":"https:\/\/www.ivredequilibre.com\/index.php\/wp-json\/wp\/v2\/comments?post=355"}],"version-history":[{"count":16,"href":"https:\/\/www.ivredequilibre.com\/index.php\/wp-json\/wp\/v2\/pages\/355\/revisions"}],"predecessor-version":[{"id":5461,"href":"https:\/\/www.ivredequilibre.com\/index.php\/wp-json\/wp\/v2\/pages\/355\/revisions\/5461"}],"up":[{"embeddable":true,"href":"https:\/\/www.ivredequilibre.com\/index.php\/wp-json\/wp\/v2\/pages\/220"}],"wp:featuredmedia":[{"embeddable":true,"href":"https:\/\/www.ivredequilibre.com\/index.php\/wp-json\/wp\/v2\/media\/415"}],"wp:attachment":[{"href":"https:\/\/www.ivredequilibre.com\/index.php\/wp-json\/wp\/v2\/media?parent=355"}],"curies":[{"name":"wp","href":"https:\/\/api.w.org\/{rel}","templated":true}]}}