{"id":421,"date":"2023-06-29T21:23:12","date_gmt":"2023-06-29T19:23:12","guid":{"rendered":"http:\/\/pipoinsilj.cluster020.hosting.ovh.net\/ivreequilibre\/?page_id=421"},"modified":"2026-04-17T20:47:45","modified_gmt":"2026-04-17T18:47:45","slug":"en-itinerance","status":"publish","type":"page","link":"https:\/\/www.ivredequilibre.com\/index.php\/lecole-de-cirque\/en-itinerance\/","title":{"rendered":"En itin\u00e9rance"},"content":{"rendered":"<section class=\"wpb-content-wrapper\"><p>[vc_row tlg_text_align=\u00a0\u00bbtext-center\u00a0\u00bb][vc_column width=\u00a0\u00bb1\/6&Prime;][\/vc_column][vc_column width=\u00a0\u00bb2\/3&Prime;]<div class=\"headings-title\"><div class=\"mb72  mb-xs-40 text-center\"><h4  class=\"widgettitle \">En itin\u00e9rance<\/h4><div class=\"divider-wrap\"><i  class=\"ti-truck\"><\/i><div class=\"tlg-divider\"><\/div><\/div><\/div><\/div>[vc_column_text]<\/p>\n<p style=\"text-align: justify;\">Le cirque est \u00e0 la base tr\u00e8s itin\u00e9rant, il serait dommage de ne se focaliser que sur notre salle. Pour cela, nous pouvons intervenir sur des projets scolaires jusqu&rsquo;\u00e0 l&rsquo;aboutissement d&rsquo;un spectacle ou sur un projet d\u00e9couverte.<br \/>\nNous allons aussi dans les institutions, dans les EPHAD.<\/p>\n<p>[\/vc_column_text]<div class=\"\"><a  id=\"btn-69e2eb2410e0b\" class=\"btn btn-filled btn-dark btn-rounded  ti-hand-point-right hvr-grow btn-sm-sm\" href= \"https:\/\/www.ivredequilibre.com\/#contact\" target=\"_self\" >Contactez-nous<\/a><\/div>[\/vc_column][vc_column width=\u00a0\u00bb1\/6&Prime;][\/vc_column][\/vc_row][vc_row][vc_column][vc_column_text]<\/p>\n<div>\n<p>Nos actions sur le territoire<\/p>\n<p><iframe loading=\"lazy\" src=\"https:\/\/framacarte.org\/fr\/map\/ivre-dequilibre-et-son-rayon-daction_191755#12\/43.9251\/2.2103\" width=\"100%\" height=\"400px\" frameborder=\"0\"><\/iframe><\/p>\n<\/div>\n<div><ul class=\"row masonry masonry-show project-content project-masonry-full\" data-gallery-title=\"En itin\u00e9rance\"><li class=\"col-md-4 col-sm-6 masonry-item project\"><a href=\"https:\/\/www.ivredequilibre.com\/wp-content\/uploads\/2023\/07\/IMG_8720-1.jpeg\" data-lightbox=\"true\" data-title=\"\">\n\t\t\t\t\t\t\t\t\t\t<div class=\"image-box hover-block text-center\">\n\t\t\t\t\t\t\t\t\t\t    <img decoding=\"async\" src=\"https:\/\/www.ivredequilibre.com\/wp-content\/uploads\/2023\/07\/IMG_8720-1.jpeg\" alt=\"gallery-item\" \/>\n\t\t\t\t\t\t\t\t\t\t    <div class=\"hover-state pointer\"><i class=\"color-white ms-text ti-plus\"><\/i><\/div>\n\t\t\t\t\t\t\t\t\t\t<\/div>\n\t\t\t\t\t\t\t\t\t<\/a><\/li><li class=\"col-md-4 col-sm-6 masonry-item project\"><a href=\"https:\/\/www.ivredequilibre.com\/wp-content\/uploads\/2023\/07\/IMG_8725.jpeg\" data-lightbox=\"true\" data-title=\"\">\n\t\t\t\t\t\t\t\t\t\t<div class=\"image-box hover-block text-center\">\n\t\t\t\t\t\t\t\t\t\t    <img decoding=\"async\" src=\"https:\/\/www.ivredequilibre.com\/wp-content\/uploads\/2023\/07\/IMG_8725.jpeg\" alt=\"gallery-item\" \/>\n\t\t\t\t\t\t\t\t\t\t    <div class=\"hover-state pointer\"><i class=\"color-white ms-text ti-plus\"><\/i><\/div>\n\t\t\t\t\t\t\t\t\t\t<\/div>\n\t\t\t\t\t\t\t\t\t<\/a><\/li><li class=\"col-md-4 col-sm-6 masonry-item project\"><a href=\"https:\/\/www.ivredequilibre.com\/wp-content\/uploads\/2023\/06\/DSC09177.jpeg\" data-lightbox=\"true\" data-title=\"\">\n\t\t\t\t\t\t\t\t\t\t<div class=\"image-box hover-block text-center\">\n\t\t\t\t\t\t\t\t\t\t    <img decoding=\"async\" src=\"https:\/\/www.ivredequilibre.com\/wp-content\/uploads\/2023\/06\/DSC09177.jpeg\" alt=\"gallery-item\" \/>\n\t\t\t\t\t\t\t\t\t\t    <div class=\"hover-state pointer\"><i class=\"color-white ms-text ti-plus\"><\/i><\/div>\n\t\t\t\t\t\t\t\t\t\t<\/div>\n\t\t\t\t\t\t\t\t\t<\/a><\/li><li class=\"col-md-4 col-sm-6 masonry-item project\"><a href=\"https:\/\/www.ivredequilibre.com\/wp-content\/uploads\/2023\/06\/RDt21@_santiagop._-DSC_8201-circodadou.jpg\" data-lightbox=\"true\" data-title=\"\">\n\t\t\t\t\t\t\t\t\t\t<div class=\"image-box hover-block text-center\">\n\t\t\t\t\t\t\t\t\t\t    <img decoding=\"async\" src=\"https:\/\/www.ivredequilibre.com\/wp-content\/uploads\/2023\/06\/RDt21@_santiagop._-DSC_8201-circodadou.jpg\" alt=\"gallery-item\" \/>\n\t\t\t\t\t\t\t\t\t\t    <div class=\"hover-state pointer\"><i class=\"color-white ms-text ti-plus\"><\/i><\/div>\n\t\t\t\t\t\t\t\t\t\t<\/div>\n\t\t\t\t\t\t\t\t\t<\/a><\/li><li class=\"col-md-4 col-sm-6 masonry-item project\"><a href=\"https:\/\/www.ivredequilibre.com\/wp-content\/uploads\/2023\/07\/IMG_8714.jpeg\" data-lightbox=\"true\" data-title=\"\">\n\t\t\t\t\t\t\t\t\t\t<div class=\"image-box hover-block text-center\">\n\t\t\t\t\t\t\t\t\t\t    <img decoding=\"async\" src=\"https:\/\/www.ivredequilibre.com\/wp-content\/uploads\/2023\/07\/IMG_8714.jpeg\" alt=\"gallery-item\" \/>\n\t\t\t\t\t\t\t\t\t\t    <div class=\"hover-state pointer\"><i class=\"color-white ms-text ti-plus\"><\/i><\/div>\n\t\t\t\t\t\t\t\t\t\t<\/div>\n\t\t\t\t\t\t\t\t\t<\/a><\/li><li class=\"col-md-4 col-sm-6 masonry-item project\"><a href=\"https:\/\/www.ivredequilibre.com\/wp-content\/uploads\/2023\/07\/IMG_8719.jpeg\" data-lightbox=\"true\" data-title=\"\">\n\t\t\t\t\t\t\t\t\t\t<div class=\"image-box hover-block text-center\">\n\t\t\t\t\t\t\t\t\t\t    <img decoding=\"async\" src=\"https:\/\/www.ivredequilibre.com\/wp-content\/uploads\/2023\/07\/IMG_8719.jpeg\" alt=\"gallery-item\" \/>\n\t\t\t\t\t\t\t\t\t\t    <div class=\"hover-state pointer\"><i class=\"color-white ms-text ti-plus\"><\/i><\/div>\n\t\t\t\t\t\t\t\t\t\t<\/div>\n\t\t\t\t\t\t\t\t\t<\/a><\/li><li class=\"col-md-4 col-sm-6 masonry-item project\"><a href=\"https:\/\/www.ivredequilibre.com\/wp-content\/uploads\/2023\/07\/IMG_8720.jpeg\" data-lightbox=\"true\" data-title=\"\">\n\t\t\t\t\t\t\t\t\t\t<div class=\"image-box hover-block text-center\">\n\t\t\t\t\t\t\t\t\t\t    <img decoding=\"async\" src=\"https:\/\/www.ivredequilibre.com\/wp-content\/uploads\/2023\/07\/IMG_8720.jpeg\" alt=\"gallery-item\" \/>\n\t\t\t\t\t\t\t\t\t\t    <div class=\"hover-state pointer\"><i class=\"color-white ms-text ti-plus\"><\/i><\/div>\n\t\t\t\t\t\t\t\t\t\t<\/div>\n\t\t\t\t\t\t\t\t\t<\/a><\/li><li class=\"col-md-4 col-sm-6 masonry-item project\"><a href=\"https:\/\/www.ivredequilibre.com\/wp-content\/uploads\/2023\/07\/IMG_8714-1.jpeg\" data-lightbox=\"true\" data-title=\"\">\n\t\t\t\t\t\t\t\t\t\t<div class=\"image-box hover-block text-center\">\n\t\t\t\t\t\t\t\t\t\t    <img decoding=\"async\" src=\"https:\/\/www.ivredequilibre.com\/wp-content\/uploads\/2023\/07\/IMG_8714-1.jpeg\" alt=\"gallery-item\" \/>\n\t\t\t\t\t\t\t\t\t\t    <div class=\"hover-state pointer\"><i class=\"color-white ms-text ti-plus\"><\/i><\/div>\n\t\t\t\t\t\t\t\t\t\t<\/div>\n\t\t\t\t\t\t\t\t\t<\/a><\/li><li class=\"col-md-4 col-sm-6 masonry-item project\"><a href=\"https:\/\/www.ivredequilibre.com\/wp-content\/uploads\/2023\/07\/IMG_8722.jpeg\" data-lightbox=\"true\" data-title=\"\">\n\t\t\t\t\t\t\t\t\t\t<div class=\"image-box hover-block text-center\">\n\t\t\t\t\t\t\t\t\t\t    <img decoding=\"async\" src=\"https:\/\/www.ivredequilibre.com\/wp-content\/uploads\/2023\/07\/IMG_8722.jpeg\" alt=\"gallery-item\" \/>\n\t\t\t\t\t\t\t\t\t\t    <div class=\"hover-state pointer\"><i class=\"color-white ms-text ti-plus\"><\/i><\/div>\n\t\t\t\t\t\t\t\t\t\t<\/div>\n\t\t\t\t\t\t\t\t\t<\/a><\/li><li class=\"col-md-4 col-sm-6 masonry-item project\"><a href=\"https:\/\/www.ivredequilibre.com\/wp-content\/uploads\/2023\/07\/IMG_8727.jpeg\" data-lightbox=\"true\" data-title=\"\">\n\t\t\t\t\t\t\t\t\t\t<div class=\"image-box hover-block text-center\">\n\t\t\t\t\t\t\t\t\t\t    <img decoding=\"async\" src=\"https:\/\/www.ivredequilibre.com\/wp-content\/uploads\/2023\/07\/IMG_8727.jpeg\" alt=\"gallery-item\" \/>\n\t\t\t\t\t\t\t\t\t\t    <div class=\"hover-state pointer\"><i class=\"color-white ms-text ti-plus\"><\/i><\/div>\n\t\t\t\t\t\t\t\t\t\t<\/div>\n\t\t\t\t\t\t\t\t\t<\/a><\/li><\/ul><\/div>\n<p>[\/vc_column_text][\/vc_column][\/vc_row]<\/p>\n<\/section>","protected":false},"excerpt":{"rendered":"<p>[vc_row tlg_text_align=\u00a0\u00bbtext-center\u00a0\u00bb][vc_column width=\u00a0\u00bb1\/6&Prime;][\/vc_column][vc_column width=\u00a0\u00bb2\/3&Prime;][vc_column_text] Le cirque est \u00e0 la base tr\u00e8s itin\u00e9rant, il serait dommage de&#8230;<\/p>\n","protected":false},"author":1,"featured_media":224,"parent":220,"menu_order":0,"comment_status":"closed","ping_status":"closed","template":"","meta":{"footnotes":""},"class_list":["post-421","page","type-page","status-publish","has-post-thumbnail","hentry"],"_links":{"self":[{"href":"https:\/\/www.ivredequilibre.com\/index.php\/wp-json\/wp\/v2\/pages\/421","targetHints":{"allow":["GET"]}}],"collection":[{"href":"https:\/\/www.ivredequilibre.com\/index.php\/wp-json\/wp\/v2\/pages"}],"about":[{"href":"https:\/\/www.ivredequilibre.com\/index.php\/wp-json\/wp\/v2\/types\/page"}],"author":[{"embeddable":true,"href":"https:\/\/www.ivredequilibre.com\/index.php\/wp-json\/wp\/v2\/users\/1"}],"replies":[{"embeddable":true,"href":"https:\/\/www.ivredequilibre.com\/index.php\/wp-json\/wp\/v2\/comments?post=421"}],"version-history":[{"count":18,"href":"https:\/\/www.ivredequilibre.com\/index.php\/wp-json\/wp\/v2\/pages\/421\/revisions"}],"predecessor-version":[{"id":5684,"href":"https:\/\/www.ivredequilibre.com\/index.php\/wp-json\/wp\/v2\/pages\/421\/revisions\/5684"}],"up":[{"embeddable":true,"href":"https:\/\/www.ivredequilibre.com\/index.php\/wp-json\/wp\/v2\/pages\/220"}],"wp:featuredmedia":[{"embeddable":true,"href":"https:\/\/www.ivredequilibre.com\/index.php\/wp-json\/wp\/v2\/media\/224"}],"wp:attachment":[{"href":"https:\/\/www.ivredequilibre.com\/index.php\/wp-json\/wp\/v2\/media?parent=421"}],"curies":[{"name":"wp","href":"https:\/\/api.w.org\/{rel}","templated":true}]}}