{"id":5022,"date":"2026-01-20T21:33:03","date_gmt":"2026-01-20T20:33:03","guid":{"rendered":"https:\/\/www.ivredequilibre.com\/?page_id=5022"},"modified":"2026-01-20T21:36:57","modified_gmt":"2026-01-20T20:36:57","slug":"le-conseil-dadministration","status":"publish","type":"page","link":"https:\/\/www.ivredequilibre.com\/index.php\/page-d-exemple\/le-conseil-dadministration\/","title":{"rendered":"Le Conseil d&rsquo;Administration"},"content":{"rendered":"<section class=\"wpb-content-wrapper\"><p>[vc_row tlg_padding=\u00a0\u00bbpb0&Prime;][vc_column width=\u00a0\u00bb1\/6&Prime;][\/vc_column][vc_column width=\u00a0\u00bb2\/3&Prime;]<div class=\"headings-title\"><div class=\"mb72  mb-xs-40 text-center\"><h4  class=\"widgettitle \">Le conseil d'administration<\/h4><div class=\"divider-wrap\"><i  class=\"ti-user\"><\/i><div class=\"tlg-divider\"><\/div><\/div><\/div><\/div>[\/vc_column][\/vc_row][vc_row tlg_padding=\u00a0\u00bbpb0&Prime;][vc_column width=\u00a0\u00bb1\/4&Prime;][vc_column_text]<\/p>\n<h4 style=\"text-align: center;\">PR\u00c9SIDENTE<\/h4>\n<p>[\/vc_column_text]<div class=\"tlg-spacer\" data-height=\"20\" data-height-tablet=\"20\" data-height-mobile=\"20\" style=\"clear:both;display:block;height:20px;\"><\/div>[vc_single_image image=\u00a0\u00bb1101&Prime; img_size=\u00a0\u00bbFull\u00a0\u00bb alignment=\u00a0\u00bbcenter\u00a0\u00bb style=\u00a0\u00bbvc_box_circle_2&Prime; css_animation=\u00a0\u00bbbounceInRight\u00a0\u00bb]<div class=\"tlg-spacer\" data-height=\"30\" data-height-tablet=\"30\" data-height-mobile=\"30\" style=\"clear:both;display:block;height:30px;\"><\/div><div class=\"headings-title\"><div class=\"mb0 mb16 mb-xs-40 text-center\"><h5  class=\"widgettitle mb0\">Kouka<\/h5><\/div><\/div><div class=\"tlg-spacer\" data-height=\"10\" data-height-tablet=\"10\" data-height-mobile=\"10\" style=\"clear:both;display:block;height:10px;\"><\/div>[vc_column_text][\/vc_column_text][vc_column_text]<\/p>\n<p style=\"text-align: justify;\"><span class=\"x4k7w5x x1h91t0o x1h9r5lt x1jfb8zj xv2umb2 x1beo9mf xaigb6o x12ejxvf x3igimt xarpa2k xedcshv x1lytzrv x1t2pt76 x7ja8zs x1qrby5j\"><span class=\"x193iq5w xeuugli x13faqbe x1vvkbs x1xmvt09 x1lliihq x1s928wv xhkezso x1gmr53x x1cpjm7i x1fgarty x1943h6x xudqn12 x3x7a5m x6prxxf xvq8zen xo1l8bm xzsf02u\" dir=\"auto\">Le cirque, un grand mot pour d\u00e9signer cette passion d\u00e9vorante.<\/span><\/span><\/p>\n<p style=\"text-align: justify;\"><span class=\"x4k7w5x x1h91t0o x1h9r5lt x1jfb8zj xv2umb2 x1beo9mf xaigb6o x12ejxvf x3igimt xarpa2k xedcshv x1lytzrv x1t2pt76 x7ja8zs x1qrby5j\"><span class=\"x193iq5w xeuugli x13faqbe x1vvkbs x1xmvt09 x1lliihq x1s928wv xhkezso x1gmr53x x1cpjm7i x1fgarty x1943h6x xudqn12 x3x7a5m x6prxxf xvq8zen xo1l8bm xzsf02u\" dir=\"auto\">J&rsquo;arrive d&rsquo;une famille d&rsquo;artistes (m\u00e8re plasticienne, p\u00e8re musicien) alors la pomme n&rsquo;est pas tomb\u00e9 loin des arbres avec cette passion. <\/span><\/span><\/p>\n<p style=\"text-align: justify;\"><span class=\"x4k7w5x x1h91t0o x1h9r5lt x1jfb8zj xv2umb2 x1beo9mf xaigb6o x12ejxvf x3igimt xarpa2k xedcshv x1lytzrv x1t2pt76 x7ja8zs x1qrby5j\"><span class=\"x193iq5w xeuugli x13faqbe x1vvkbs x1xmvt09 x1lliihq x1s928wv xhkezso x1gmr53x x1cpjm7i x1fgarty x1943h6x xudqn12 x3x7a5m x6prxxf xvq8zen xo1l8bm xzsf02u\" dir=\"auto\">D&rsquo;abord autodidacte, je m&rsquo;inscris en 2017 \u00e0 l&rsquo;\u00e9cole de cirque La Bo\u00eete \u00e0 Malice \u00e0 Montauban. En 2018 je pars en \u00e9tude sur Albi et je me trouve d\u00e9s\u0153uvr\u00e9e dans cette ville sans \u00e9cole de cirque pour pratiquer.<\/span><\/span><\/p>\n<p style=\"text-align: justify;\"><span class=\"x4k7w5x x1h91t0o x1h9r5lt x1jfb8zj xv2umb2 x1beo9mf xaigb6o x12ejxvf x3igimt xarpa2k xedcshv x1lytzrv x1t2pt76 x7ja8zs x1qrby5j\"><span class=\"x193iq5w xeuugli x13faqbe x1vvkbs x1xmvt09 x1lliihq x1s928wv xhkezso x1gmr53x x1cpjm7i x1fgarty x1943h6x xudqn12 x3x7a5m x6prxxf xvq8zen xo1l8bm xzsf02u\" dir=\"auto\">Je monte alors l&rsquo;association Ivre d&rsquo;\u00c9quilibre ravissant le public tarnais et moi-m\u00eame. J&rsquo;ai aussi pratiquer cet art \u00e0 l&rsquo;\u00e9cole de cirque Circodadou de Graulhet o\u00f9 des liens forts ont pu se tiss\u00e9.<\/span><\/span><\/p>\n<p style=\"text-align: justify;\"><span class=\"x4k7w5x x1h91t0o x1h9r5lt x1jfb8zj xv2umb2 x1beo9mf xaigb6o x12ejxvf x3igimt xarpa2k xedcshv x1lytzrv x1t2pt76 x7ja8zs x1qrby5j\"><span class=\"x193iq5w xeuugli x13faqbe x1vvkbs x1xmvt09 x1lliihq x1s928wv xhkezso x1gmr53x x1cpjm7i x1fgarty x1943h6x xudqn12 x3x7a5m x6prxxf xvq8zen xo1l8bm xzsf02u\" dir=\"auto\"> En 2023, j&rsquo;obtiens un master d&rsquo;\u00e9tudes Circassiennes o\u00f9 j&rsquo;ai pu d\u00e9velopper des recherches th\u00e9oriques sur cet art, perp\u00e9tuant mon int\u00e9r\u00eat omnipr\u00e9sent dans ma vie pour les arts du cirque. <\/span><\/span><\/p>\n<p style=\"text-align: justify;\"><span class=\"x4k7w5x x1h91t0o x1h9r5lt x1jfb8zj xv2umb2 x1beo9mf xaigb6o x12ejxvf x3igimt xarpa2k xedcshv x1lytzrv x1t2pt76 x7ja8zs x1qrby5j\"><span class=\"x193iq5w xeuugli x13faqbe x1vvkbs x1xmvt09 x1lliihq x1s928wv xhkezso x1gmr53x x1cpjm7i x1fgarty x1943h6x xudqn12 x3x7a5m x6prxxf xvq8zen xo1l8bm xzsf02u\" dir=\"auto\">Cela fait alors maintenant une dizaine d&rsquo;ann\u00e9es que j&rsquo;ai mes gu\u00eatres dans cet art merveilleusement bienveillant, joyeux, communicatif, artistique qu&rsquo;est le cirque.<\/span><\/span><\/p>\n<p style=\"text-align: justify;\"><span class=\"x4k7w5x x1h91t0o x1h9r5lt x1jfb8zj xv2umb2 x1beo9mf xaigb6o x12ejxvf x3igimt xarpa2k xedcshv x1lytzrv x1t2pt76 x7ja8zs x1qrby5j\"><span class=\"x193iq5w xeuugli x13faqbe x1vvkbs x1xmvt09 x1lliihq x1s928wv xhkezso x1gmr53x x1cpjm7i x1fgarty x1943h6x xudqn12 x3x7a5m x6prxxf xvq8zen xo1l8bm xzsf02u\" dir=\"auto\">\u00a0<\/span><\/span><\/p>\n<p>[\/vc_column_text][\/vc_column][vc_column width=\u00a0\u00bb1\/4&Prime;][vc_column_text]<\/p>\n<h4 style=\"text-align: center;\">TR\u00c9SORIER<\/h4>\n<p>[\/vc_column_text]<div class=\"tlg-spacer\" data-height=\"20\" data-height-tablet=\"20\" data-height-mobile=\"20\" style=\"clear:both;display:block;height:20px;\"><\/div>[vc_single_image image=\u00a0\u00bb1096&Prime; img_size=\u00a0\u00bbfull\u00a0\u00bb alignment=\u00a0\u00bbcenter\u00a0\u00bb style=\u00a0\u00bbvc_box_circle_2&Prime; css_animation=\u00a0\u00bbbounceInRight\u00a0\u00bb]<div class=\"tlg-spacer\" data-height=\"30\" data-height-tablet=\"30\" data-height-mobile=\"30\" style=\"clear:both;display:block;height:30px;\"><\/div><div class=\"headings-title\"><div class=\"mb0 mb16 mb-xs-40 text-center\"><h5  class=\"widgettitle mb0\">Fran\u00e7ois<\/h5><\/div><\/div><div class=\"tlg-spacer\" data-height=\"10\" data-height-tablet=\"10\" data-height-mobile=\"10\" style=\"clear:both;display:block;height:10px;\"><\/div>[vc_column_text]<\/p>\n<div>\n<div>\n<p style=\"text-align: justify;\">\u00ab Depuis mon adolescence, je jongle avec la vie et les balles&#8230; litt\u00e9ralement!<\/p>\n<p style=\"text-align: justify;\">Tout a commenc\u00e9 lors de vacances \u00e0 la plage, o\u00f9 j&rsquo;ai appris \u00e0 manier le diabolo entre deux baignades.<\/p>\n<p style=\"text-align: justify;\">De l\u00e0, c&rsquo;est devenu une passion d\u00e9vorante pour la jonglerie et le cirque, me donnant une excuse parfaite pour voyager et rencontrer des gens.<\/p>\n<p style=\"text-align: justify;\">Apr\u00e8s un passage par l&rsquo;\u00e9cole de cirque de Toulouse, j&rsquo;ai d\u00e9couvert le th\u00e9\u00e2tre et la pratique du clown, ajoutant une touche de fantaisie \u00e0 mes performances.<\/p>\n<p style=\"text-align: justify;\">Ainsi, je suis pass\u00e9 d&rsquo;animateur cirque \u00e0 artiste de cirque, jonglant entre les rires et les applaudissements. \u00bb<\/p>\n<\/div>\n<div style=\"text-align: justify;\"><\/div>\n<\/div>\n<div style=\"text-align: justify;\"><\/div>\n<p>[\/vc_column_text][\/vc_column][vc_column width=\u00a0\u00bb1\/4&Prime;][vc_column_text]<\/p>\n<h4 style=\"text-align: center;\">SECR\u00c9TAIRE<\/h4>\n<p>[\/vc_column_text]<div class=\"tlg-spacer\" data-height=\"20\" data-height-tablet=\"20\" data-height-mobile=\"20\" style=\"clear:both;display:block;height:20px;\"><\/div>[vc_single_image image=\u00a0\u00bb1094&Prime; img_size=\u00a0\u00bbfull\u00a0\u00bb alignment=\u00a0\u00bbcenter\u00a0\u00bb style=\u00a0\u00bbvc_box_circle_2&Prime; css_animation=\u00a0\u00bbbounceInRight\u00a0\u00bb]<div class=\"tlg-spacer\" data-height=\"30\" data-height-tablet=\"30\" data-height-mobile=\"30\" style=\"clear:both;display:block;height:30px;\"><\/div><div class=\"headings-title\"><div class=\"mb0 mb16 mb-xs-40 text-center\"><h5  class=\"widgettitle mb0\">Mathilde<\/h5><\/div><\/div><div class=\"tlg-spacer\" data-height=\"10\" data-height-tablet=\"10\" data-height-mobile=\"10\" style=\"clear:both;display:block;height:10px;\"><\/div>[vc_column_text]<\/p>\n<p style=\"text-align: justify;\">\u00ab J&rsquo;ai d\u00e9couvert le cirque tr\u00e8s tardivement, par hasard et sur la terre du Cirque du Soleil.<\/p>\n<p style=\"text-align: justify;\">Un seul cours et j&rsquo;ai \u00e9t\u00e9 conquise par les a\u00e9riens ! J&rsquo;en ai fait ma sp\u00e9cialit\u00e9.<\/p>\n<p style=\"text-align: justify;\">J&rsquo;adore l&rsquo;atmosph\u00e8re inclusive et de soutien du cirque.<\/p>\n<p style=\"text-align: justify;\">Quand je ne suis pas sur mon trap\u00e8ze, je travaille comme linguiste et traductrice. \u00bb<\/p>\n<p>[\/vc_column_text][\/vc_column][vc_column width=\u00a0\u00bb1\/4&Prime;][vc_column_text]<\/p>\n<h4 style=\"text-align: center;\">PR\u00c9SIDENT ADJOINT<\/h4>\n<p>[\/vc_column_text]<div class=\"tlg-spacer\" data-height=\"10\" data-height-tablet=\"10\" data-height-mobile=\"10\" style=\"clear:both;display:block;height:10px;\"><\/div>[vc_single_image image=\u00a0\u00bb1113&Prime; img_size=\u00a0\u00bbfull\u00a0\u00bb alignment=\u00a0\u00bbcenter\u00a0\u00bb style=\u00a0\u00bbvc_box_circle_2&Prime; css_animation=\u00a0\u00bbbounceInRight\u00a0\u00bb]<div class=\"tlg-spacer\" data-height=\"10\" data-height-tablet=\"10\" data-height-mobile=\"10\" style=\"clear:both;display:block;height:10px;\"><\/div><div class=\"headings-title\"><div class=\"mb72 mb16 mb-xs-40 text-center\"><h5  class=\"widgettitle mb0\">Guilhem<\/h5><\/div><\/div><div class=\"tlg-spacer\" data-height=\"10\" data-height-tablet=\"10\" data-height-mobile=\"10\" style=\"clear:both;display:block;height:10px;\"><\/div>[vc_column_text]<\/p>\n<div class=\"wpb_text_column wpb_content_element \">\n<div class=\"wpb_wrapper\">\n<p>\u00ab\u00a0Parent de Charlie, qui fait du cirque \u00e0 Ivre depuis le d\u00e9but de l\u2019association.<\/p>\n<p>Je d\u00e9couvre l\u2019univers du cirque et je m\u2019implique de plus en plus pour les \u00e9v\u00e9nements, projets et liens avec les gens et les partenaires du coin.<\/p>\n<p>Le monde est un chapiteau!\u00a0\u00bb<\/p>\n<\/div>\n<\/div>\n<p>[\/vc_column_text][\/vc_column][\/vc_row][vc_row tlg_text_align=\u00a0\u00bbtext-center\u00a0\u00bb][vc_column width=\u00a0\u00bb1\/4&Prime;]<div class=\"headings-title\"><div class=\"mb0 mb16 mb-xs-40 text-center\"><h5  class=\"widgettitle mb0\">Alexandre<\/h5><\/div><\/div>[vc_single_image image=\u00a0\u00bb1251&Prime; img_size=\u00a0\u00bbmedium\u00a0\u00bb alignment=\u00a0\u00bbcenter\u00a0\u00bb style=\u00a0\u00bbvc_box_circle_2&Prime; css_animation=\u00a0\u00bbbounceInUp\u00a0\u00bb]<div class=\"tlg-spacer\" data-height=\"10\" data-height-tablet=\"10\" data-height-mobile=\"10\" style=\"clear:both;display:block;height:10px;\"><\/div>[vc_column_text]<\/p>\n<div class=\"wpb_text_column wpb_content_element \">\n<div class=\"wpb_wrapper\">\n<div dir=\"auto\">J\u2019ai d\u00e9but\u00e9 la pratique du cirque \u00e0 l\u2019\u00e2ge de 20 ans avec La Bo\u00eete \u00e0 Malice de Montauban, o\u00f9 j\u2019ai d\u00e9couvert cet univers fascinant. J\u2019ai d\u2019abord pratiqu\u00e9 les port\u00e9s acrobatiques, puis j\u2019ai d\u00e9m\u00e9nag\u00e9 au Mans o\u00f9 j\u2019ai int\u00e9gr\u00e9 Le Plongeoir.<\/div>\n<div dir=\"auto\"><\/div>\n<div dir=\"auto\">C\u2019est par le biais de mon m\u00e9tier que je suis arriv\u00e9 \u00e0 Albi. En reprenant mes \u00e9tudes \u00e0 l\u2019universit\u00e9 Champollion, j\u2019ai rencontr\u00e9 Kouka qui m\u2019a parl\u00e9 d\u2019un projet ambitieux : cr\u00e9er une \u00e9cole de cirque \u00e0 Albi. Cette id\u00e9e m\u2019a beaucoup plu, alors j\u2019ai suivi les cours pour adultes et rencontr\u00e9 une \u00e9quipe formidable. C\u2019est ainsi que j\u2019ai d\u00e9cid\u00e9 de participer \u00e0 cette aventure en int\u00e9grant le CA.<\/div>\n<\/div>\n<\/div>\n<p>[\/vc_column_text][\/vc_column][vc_column width=\u00a0\u00bb1\/4&Prime;]<div class=\"headings-title\"><div class=\"mb0 mb16 mb-xs-40 text-center\"><h5  class=\"widgettitle mb0\">\u00c9lodie<\/h5><\/div><\/div><div class=\"tlg-spacer\" data-height=\"10\" data-height-tablet=\"10\" data-height-mobile=\"10\" style=\"clear:both;display:block;height:10px;\"><\/div>[vc_column_text]<em>[bio \u00e0 venir]<\/em>[\/vc_column_text][\/vc_column][vc_column width=\u00a0\u00bb1\/4&Prime;]<div class=\"headings-title\"><div class=\"mb0 mb16 mb-xs-40 text-center\"><h5  class=\"widgettitle mb0\">Jauffrey<\/h5><\/div><\/div><div class=\"tlg-spacer\" data-height=\"10\" data-height-tablet=\"10\" data-height-mobile=\"10\" style=\"clear:both;display:block;height:10px;\"><\/div>[vc_column_text]<em>[bio \u00e0 venir]<\/em>[\/vc_column_text][\/vc_column][vc_column width=\u00a0\u00bb1\/4&Prime;]<div class=\"headings-title\"><div class=\"mb72 mb-xs-40 text-center\"><h5  class=\"widgettitle mb0\">Nicolas<\/h5><\/div><\/div><div class=\"tlg-spacer\" data-height=\"10\" data-height-tablet=\"10\" data-height-mobile=\"10\" style=\"clear:both;display:block;height:10px;\"><\/div>[vc_column_text]<em>[bio \u00e0 venir]<\/em>[\/vc_column_text][\/vc_column][\/vc_row][vc_row full_width=\u00a0\u00bbstretch_row\u00a0\u00bb tlg_parallax=\u00a0\u00bbnot-parallax\u00a0\u00bb tlg_text_align=\u00a0\u00bbtext-center\u00a0\u00bb tlg_vertical_align=\u00a0\u00bbyes\u00a0\u00bb][vc_column]<section  id=\"single-69e8b682eaf22\" class=\"header-single vertical-flex m0 image-bg  scrolled-no-hide parallax  p0 fullscreen \" style=\"\"><div class=\"background-content\"><img loading=\"lazy\" decoding=\"async\" width=\"2560\" height=\"1920\" src=\"https:\/\/www.ivredequilibre.com\/wp-content\/uploads\/2023\/07\/IMG_9740-scaled.jpeg\" class=\"background-image\" alt=\"\" srcset=\"https:\/\/www.ivredequilibre.com\/wp-content\/uploads\/2023\/07\/IMG_9740-scaled.jpeg 2560w, https:\/\/www.ivredequilibre.com\/wp-content\/uploads\/2023\/07\/IMG_9740-300x225.jpeg 300w, https:\/\/www.ivredequilibre.com\/wp-content\/uploads\/2023\/07\/IMG_9740-1024x768.jpeg 1024w, https:\/\/www.ivredequilibre.com\/wp-content\/uploads\/2023\/07\/IMG_9740-768x576.jpeg 768w, https:\/\/www.ivredequilibre.com\/wp-content\/uploads\/2023\/07\/IMG_9740-1536x1152.jpeg 1536w, https:\/\/www.ivredequilibre.com\/wp-content\/uploads\/2023\/07\/IMG_9740-2048x1536.jpeg 2048w, https:\/\/www.ivredequilibre.com\/wp-content\/uploads\/2023\/07\/IMG_9740-600x450.jpeg 600w\" sizes=\"auto, (max-width: 2560px) 100vw, 2560px\" \/><div  class=\"background-overlay\"><\/div><\/div><div  class=\"container vertical-flex-column item-content \"><div class=\"row\"><div class=\"standard-slide col-md-10 col-md-offset-1 col-sm-12 text-center\"><h1 class=\"heading-title-bold\">Vous voulez rejoindre l'\u00e9quipe ?<\/h1><div class=\"lead\" >Nous recherchons r\u00e9guli\u00e8rement des intervenants \/ stagiaires !<\/div><div class=\"heading-content\"><\/div><div class=\"mt24 mt-xs-0\"><a  id=\"btn-69e8b682eaf23\"  class=\"btn-sm-sm btn-lg m0 btn btn-filled btn-light btn-rounded ti-hand-point-right \" href= \"https:\/\/www.ivredequilibre.com\/#contact\"  >Contactez-nous !<\/a><\/div>\n                <\/div><\/div><\/div><\/section>[\/vc_column][\/vc_row][vc_row tlg_padding=\u00a0\u00bbpb0&Prime;][vc_column width=\u00a0\u00bb1\/6&Prime;][\/vc_column][vc_column width=\u00a0\u00bb1\/6&Prime;][\/vc_column][\/vc_row][vc_row full_width=\u00a0\u00bbstretch_row\u00a0\u00bb tlg_parallax=\u00a0\u00bbnot-parallax\u00a0\u00bb tlg_text_align=\u00a0\u00bbtext-center\u00a0\u00bb tlg_vertical_align=\u00a0\u00bbyes\u00a0\u00bb][vc_column]<section  id=\"single-69e8b682eb3d9\" class=\"header-single vertical-flex m0 image-bg  scrolled-no-hide parallax  p0 fullscreen \" style=\"\"><div class=\"background-content\"><img loading=\"lazy\" decoding=\"async\" width=\"2560\" height=\"1920\" src=\"https:\/\/www.ivredequilibre.com\/wp-content\/uploads\/2023\/07\/IMG_9740-scaled.jpeg\" class=\"background-image\" alt=\"\" srcset=\"https:\/\/www.ivredequilibre.com\/wp-content\/uploads\/2023\/07\/IMG_9740-scaled.jpeg 2560w, https:\/\/www.ivredequilibre.com\/wp-content\/uploads\/2023\/07\/IMG_9740-300x225.jpeg 300w, https:\/\/www.ivredequilibre.com\/wp-content\/uploads\/2023\/07\/IMG_9740-1024x768.jpeg 1024w, https:\/\/www.ivredequilibre.com\/wp-content\/uploads\/2023\/07\/IMG_9740-768x576.jpeg 768w, https:\/\/www.ivredequilibre.com\/wp-content\/uploads\/2023\/07\/IMG_9740-1536x1152.jpeg 1536w, https:\/\/www.ivredequilibre.com\/wp-content\/uploads\/2023\/07\/IMG_9740-2048x1536.jpeg 2048w, https:\/\/www.ivredequilibre.com\/wp-content\/uploads\/2023\/07\/IMG_9740-600x450.jpeg 600w\" sizes=\"auto, (max-width: 2560px) 100vw, 2560px\" \/><div  class=\"background-overlay\"><\/div><\/div><div  class=\"container vertical-flex-column item-content \"><div class=\"row\"><div class=\"standard-slide col-md-10 col-md-offset-1 col-sm-12 text-center\"><h1 class=\"heading-title-bold\">Vous voulez rejoindre l'\u00e9quipe ?<\/h1><div class=\"lead\" >Nous recherchons r\u00e9guli\u00e8rement des intervenants \/ stagiaires !<\/div><div class=\"heading-content\"><\/div><div class=\"mt24 mt-xs-0\"><a  id=\"btn-69e8b682eb3da\"  class=\"btn-sm-sm btn-lg m0 btn btn-filled btn-light btn-rounded ti-hand-point-right \" href= \"https:\/\/www.ivredequilibre.com\/#contact\"  >Contactez-nous !<\/a><\/div>\n                <\/div><\/div><\/div><\/section>[\/vc_column][\/vc_row]<\/p>\n<\/section>","protected":false},"excerpt":{"rendered":"<p>[vc_row tlg_padding=\u00a0\u00bbpb0&Prime;][vc_column width=\u00a0\u00bb1\/6&Prime;][\/vc_column][vc_column width=\u00a0\u00bb2\/3&Prime;][\/vc_column][\/vc_row][vc_row tlg_padding=\u00a0\u00bbpb0&Prime;][vc_column width=\u00a0\u00bb1\/4&Prime;][vc_column_text] PR\u00c9SIDENTE [\/vc_column_text][vc_single_image image=\u00a0\u00bb1101&Prime; img_size=\u00a0\u00bbFull\u00a0\u00bb alignment=\u00a0\u00bbcenter\u00a0\u00bb style=\u00a0\u00bbvc_box_circle_2&Prime; css_animation=\u00a0\u00bbbounceInRight\u00a0\u00bb][vc_column_text][\/vc_column_text][vc_column_text] Le cirque, un&#8230;<\/p>\n","protected":false},"author":4,"featured_media":401,"parent":2,"menu_order":0,"comment_status":"closed","ping_status":"closed","template":"","meta":{"footnotes":""},"class_list":["post-5022","page","type-page","status-publish","has-post-thumbnail","hentry"],"_links":{"self":[{"href":"https:\/\/www.ivredequilibre.com\/index.php\/wp-json\/wp\/v2\/pages\/5022","targetHints":{"allow":["GET"]}}],"collection":[{"href":"https:\/\/www.ivredequilibre.com\/index.php\/wp-json\/wp\/v2\/pages"}],"about":[{"href":"https:\/\/www.ivredequilibre.com\/index.php\/wp-json\/wp\/v2\/types\/page"}],"author":[{"embeddable":true,"href":"https:\/\/www.ivredequilibre.com\/index.php\/wp-json\/wp\/v2\/users\/4"}],"replies":[{"embeddable":true,"href":"https:\/\/www.ivredequilibre.com\/index.php\/wp-json\/wp\/v2\/comments?post=5022"}],"version-history":[{"count":11,"href":"https:\/\/www.ivredequilibre.com\/index.php\/wp-json\/wp\/v2\/pages\/5022\/revisions"}],"predecessor-version":[{"id":5239,"href":"https:\/\/www.ivredequilibre.com\/index.php\/wp-json\/wp\/v2\/pages\/5022\/revisions\/5239"}],"up":[{"embeddable":true,"href":"https:\/\/www.ivredequilibre.com\/index.php\/wp-json\/wp\/v2\/pages\/2"}],"wp:featuredmedia":[{"embeddable":true,"href":"https:\/\/www.ivredequilibre.com\/index.php\/wp-json\/wp\/v2\/media\/401"}],"wp:attachment":[{"href":"https:\/\/www.ivredequilibre.com\/index.php\/wp-json\/wp\/v2\/media?parent=5022"}],"curies":[{"name":"wp","href":"https:\/\/api.w.org\/{rel}","templated":true}]}}