{"id":5486,"date":"2026-04-17T20:26:24","date_gmt":"2026-04-17T18:26:24","guid":{"rendered":"https:\/\/www.ivredequilibre.com\/?page_id=5486"},"modified":"2026-04-17T22:03:03","modified_gmt":"2026-04-17T20:03:03","slug":"festival-circus-vallee","status":"publish","type":"page","link":"https:\/\/www.ivredequilibre.com\/index.php\/festival-circus-vallee\/","title":{"rendered":"Festival Circus Vall\u00e9e"},"content":{"rendered":"<h2>Circus Vall\u00e9e, notre festival annuel<\/h2>\n<div id=\"attachment_5659\" style=\"width: 310px\" class=\"wp-caption alignright\"><img loading=\"lazy\" decoding=\"async\" aria-describedby=\"caption-attachment-5659\" class=\"wp-image-5659\" src=\"https:\/\/www.ivredequilibre.com\/wp-content\/uploads\/2026\/04\/Design-sans-titre-240x300.jpg\" alt=\"\" width=\"300\" height=\"375\" srcset=\"https:\/\/www.ivredequilibre.com\/wp-content\/uploads\/2026\/04\/Design-sans-titre-240x300.jpg 240w, https:\/\/www.ivredequilibre.com\/wp-content\/uploads\/2026\/04\/Design-sans-titre-768x960.jpg 768w, https:\/\/www.ivredequilibre.com\/wp-content\/uploads\/2026\/04\/Design-sans-titre-600x750.jpg 600w, https:\/\/www.ivredequilibre.com\/wp-content\/uploads\/2026\/04\/Design-sans-titre.jpg 800w\" sizes=\"auto, (max-width: 300px) 100vw, 300px\" \/><p id=\"caption-attachment-5659\" class=\"wp-caption-text\">Notre incontournable loutre au style steampunk, signature visuelle de ce festival<\/p><\/div>\n<p style=\"text-align: justify;\">Le festival Circus Vall\u00e9e est n\u00e9 en 2024 d\u2019une envie simple : faire grandir la traditionnelle f\u00eate de fin d\u2019ann\u00e9e de l\u2019\u00e9cole de cirque. Les ann\u00e9es pr\u00e9c\u00e9dentes, ce rendez-vous marquait la fin de la saison avec un spectacle pr\u00e9sent\u00e9 par les \u00e9l\u00e8ves, l\u2019occasion de partager avec les familles et le public le travail accompli tout au long de l\u2019ann\u00e9e. Mais l\u2019id\u00e9e d\u2019aller plus loin et d&rsquo;accueillir un public plus large a donn\u00e9 naissance \u00e0 un v\u00e9ritable festival, qui se d\u00e9roule chaque ann\u00e9e au mois de juin au parc\u00a0des Avalats \u00e0 Saint-Ju\u00e9ry.<\/p>\n<p style=\"text-align: justify;\">Aujourd\u2019hui, le festival conserve son c\u0153ur d\u2019origine : chaque \u00e9dition met toujours \u00e0 l\u2019honneur un spectacle interpr\u00e9t\u00e9 par les \u00e9l\u00e8ves de l\u2019\u00e9cole de cirque. Mais il s\u2019ouvre \u00e9galement \u00e0 d\u2019autres propositions artistiques et devient une plateforme pour accueillir des artistes locaux dans diff\u00e9rentes disciplines : jonglage, acrobatie, feu mais aussi musique.<\/p>\n<p style=\"text-align: justify;\">Circus Vall\u00e9e est avant tout un moment de partage : un rendez-vous festif, accessible \u00e0 tous, o\u00f9 se rencontrent \u00e9l\u00e8ves, artistes et public autour de la cr\u00e9ativit\u00e9 et de la magie du cirque.<\/p>\n<h3>S&rsquo;impliquer dans le festival<\/h3>\n<p style=\"text-align: justify;\">Le festival repose aussi sur l\u2019\u00e9nergie et l\u2019engagement de <strong>b\u00e9n\u00e9voles<\/strong> qui contribuent \u00e0 faire vivre cet \u00e9v\u00e9nement. Si vous souhaitez rejoindre l\u2019aventure et participer \u00e0 l\u2019organisation de Circus Vall\u00e9e, n\u2019h\u00e9sitez pas \u00e0 <a href=\"https:\/\/www.ivredequilibre.com\/#contact\" target=\"_blank\" rel=\"noopener\">nous contacter<\/a>. De nombreux r\u00f4les sont disponibles !<\/p>\n","protected":false},"excerpt":{"rendered":"<p>Circus Vall\u00e9e, notre festival annuel Le festival Circus Vall\u00e9e est n\u00e9 en 2024 d\u2019une envie simple&#8230;<\/p>\n","protected":false},"author":4,"featured_media":5659,"parent":0,"menu_order":5,"comment_status":"closed","ping_status":"closed","template":"","meta":{"footnotes":""},"class_list":["post-5486","page","type-page","status-publish","has-post-thumbnail","hentry"],"_links":{"self":[{"href":"https:\/\/www.ivredequilibre.com\/index.php\/wp-json\/wp\/v2\/pages\/5486","targetHints":{"allow":["GET"]}}],"collection":[{"href":"https:\/\/www.ivredequilibre.com\/index.php\/wp-json\/wp\/v2\/pages"}],"about":[{"href":"https:\/\/www.ivredequilibre.com\/index.php\/wp-json\/wp\/v2\/types\/page"}],"author":[{"embeddable":true,"href":"https:\/\/www.ivredequilibre.com\/index.php\/wp-json\/wp\/v2\/users\/4"}],"replies":[{"embeddable":true,"href":"https:\/\/www.ivredequilibre.com\/index.php\/wp-json\/wp\/v2\/comments?post=5486"}],"version-history":[{"count":5,"href":"https:\/\/www.ivredequilibre.com\/index.php\/wp-json\/wp\/v2\/pages\/5486\/revisions"}],"predecessor-version":[{"id":5673,"href":"https:\/\/www.ivredequilibre.com\/index.php\/wp-json\/wp\/v2\/pages\/5486\/revisions\/5673"}],"wp:featuredmedia":[{"embeddable":true,"href":"https:\/\/www.ivredequilibre.com\/index.php\/wp-json\/wp\/v2\/media\/5659"}],"wp:attachment":[{"href":"https:\/\/www.ivredequilibre.com\/index.php\/wp-json\/wp\/v2\/media?parent=5486"}],"curies":[{"name":"wp","href":"https:\/\/api.w.org\/{rel}","templated":true}]}}