{"id":5657,"date":"2026-04-17T20:50:37","date_gmt":"2026-04-17T18:50:37","guid":{"rendered":"https:\/\/www.ivredequilibre.com\/?page_id=5657"},"modified":"2026-04-17T21:37:04","modified_gmt":"2026-04-17T19:37:04","slug":"ledition-2026","status":"publish","type":"page","link":"https:\/\/www.ivredequilibre.com\/index.php\/festival-circus-vallee\/ledition-2026\/","title":{"rendered":"L&rsquo;\u00e9dition 2026"},"content":{"rendered":"<section class=\"wpb-content-wrapper\"><p>[vc_row][vc_column][vc_column_text]<\/p>\n<h2 style=\"text-align: left;\">L&rsquo;\u00e9dition 2026<\/h2>\n<p style=\"text-align: left;\">Une \u00e9dition qui s&rsquo;annonce encore riche en festivit\u00e9s ! Nous vous avons concoct\u00e9 une belle programmation et nous avons h\u00e2te d&rsquo;\u00eatre aux <strong>5 et 6 juin<\/strong> pour ce festival qui se d\u00e9roulera pour la premi\u00e8re fois sur deux journ\u00e9es bien remplies.<\/p>\n<p style=\"text-align: left;\">On vous d\u00e9voile le visuel et la programmation de cette ann\u00e9e \u2b07\ufe0f<\/p>\n<p>[\/vc_column_text][vc_row_inner][vc_column_inner width=\u00a0\u00bb1\/3&Prime;][vc_single_image image=\u00a0\u00bb5664&Prime; img_size=\u00a0\u00bbmedium\u00a0\u00bb alignment=\u00a0\u00bbcenter\u00a0\u00bb onclick=\u00a0\u00bblink_image\u00a0\u00bb css_animation=\u00a0\u00bbappear\u00a0\u00bb][\/vc_column_inner][vc_column_inner width=\u00a0\u00bb1\/3&Prime;][vc_single_image image=\u00a0\u00bb5665&Prime; img_size=\u00a0\u00bbmedium\u00a0\u00bb alignment=\u00a0\u00bbcenter\u00a0\u00bb onclick=\u00a0\u00bblink_image\u00a0\u00bb css_animation=\u00a0\u00bbappear\u00a0\u00bb][\/vc_column_inner][vc_column_inner width=\u00a0\u00bb1\/3&Prime;][\/vc_column_inner][\/vc_row_inner][\/vc_column][\/vc_row]<\/p>\n<\/section>","protected":false},"excerpt":{"rendered":"<p>[vc_row][vc_column][vc_column_text] L&rsquo;\u00e9dition 2026 Une \u00e9dition qui s&rsquo;annonce encore riche en festivit\u00e9s ! Nous vous avons concoct\u00e9&#8230;<\/p>\n","protected":false},"author":4,"featured_media":0,"parent":5486,"menu_order":0,"comment_status":"closed","ping_status":"closed","template":"","meta":{"footnotes":""},"class_list":["post-5657","page","type-page","status-publish","hentry"],"_links":{"self":[{"href":"https:\/\/www.ivredequilibre.com\/index.php\/wp-json\/wp\/v2\/pages\/5657","targetHints":{"allow":["GET"]}}],"collection":[{"href":"https:\/\/www.ivredequilibre.com\/index.php\/wp-json\/wp\/v2\/pages"}],"about":[{"href":"https:\/\/www.ivredequilibre.com\/index.php\/wp-json\/wp\/v2\/types\/page"}],"author":[{"embeddable":true,"href":"https:\/\/www.ivredequilibre.com\/index.php\/wp-json\/wp\/v2\/users\/4"}],"replies":[{"embeddable":true,"href":"https:\/\/www.ivredequilibre.com\/index.php\/wp-json\/wp\/v2\/comments?post=5657"}],"version-history":[{"count":17,"href":"https:\/\/www.ivredequilibre.com\/index.php\/wp-json\/wp\/v2\/pages\/5657\/revisions"}],"predecessor-version":[{"id":5710,"href":"https:\/\/www.ivredequilibre.com\/index.php\/wp-json\/wp\/v2\/pages\/5657\/revisions\/5710"}],"up":[{"embeddable":true,"href":"https:\/\/www.ivredequilibre.com\/index.php\/wp-json\/wp\/v2\/pages\/5486"}],"wp:attachment":[{"href":"https:\/\/www.ivredequilibre.com\/index.php\/wp-json\/wp\/v2\/media?parent=5657"}],"curies":[{"name":"wp","href":"https:\/\/api.w.org\/{rel}","templated":true}]}}