{"id":5688,"date":"2026-04-17T21:34:29","date_gmt":"2026-04-17T19:34:29","guid":{"rendered":"https:\/\/www.ivredequilibre.com\/?page_id=5688"},"modified":"2026-04-17T22:16:19","modified_gmt":"2026-04-17T20:16:19","slug":"editions-precedentes","status":"publish","type":"page","link":"https:\/\/www.ivredequilibre.com\/index.php\/festival-circus-vallee\/editions-precedentes\/","title":{"rendered":"\u00c9ditions pr\u00e9c\u00e9dentes"},"content":{"rendered":"<section class=\"wpb-content-wrapper\"><p>[vc_section][vc_row][vc_column][vc_column_text]<\/p>\n<h2 style=\"text-align: center;\">2e \u00e9dition \u2013\u202f 2025<\/h2>\n<p style=\"text-align: center;\">Retour en images sur l&rsquo;\u00e9dition 2025 du festival<\/p>\n<p>[\/vc_column_text][vc_row_inner][vc_column_inner width=\u00a0\u00bb1\/3&Prime;][vc_single_image image=\u00a0\u00bb1948&Prime; img_size=\u00a0\u00bbmedium\u00a0\u00bb alignment=\u00a0\u00bbright\u00a0\u00bb style=\u00a0\u00bbvc_box_border\u00a0\u00bb onclick=\u00a0\u00bblink_image\u00a0\u00bb][vc_single_image image=\u00a0\u00bb5658&Prime; img_size=\u00a0\u00bbmedium\u00a0\u00bb alignment=\u00a0\u00bbcenter\u00a0\u00bb style=\u00a0\u00bbvc_box_border\u00a0\u00bb onclick=\u00a0\u00bblink_image\u00a0\u00bb][\/vc_column_inner][vc_column_inner width=\u00a0\u00bb1\/3&Prime;][vc_single_image image=\u00a0\u00bb4539&Prime; img_size=\u00a0\u00bbmedium\u00a0\u00bb alignment=\u00a0\u00bbcenter\u00a0\u00bb style=\u00a0\u00bbvc_box_border\u00a0\u00bb onclick=\u00a0\u00bblink_image\u00a0\u00bb css_animation=\u00a0\u00bbnone\u00a0\u00bb][vc_single_image image=\u00a0\u00bb5691&Prime; img_size=\u00a0\u00bbmedium\u00a0\u00bb alignment=\u00a0\u00bbcenter\u00a0\u00bb style=\u00a0\u00bbvc_box_border\u00a0\u00bb onclick=\u00a0\u00bblink_image\u00a0\u00bb][\/vc_column_inner][vc_column_inner width=\u00a0\u00bb1\/3&Prime;][vc_single_image image=\u00a0\u00bb5692&Prime; img_size=\u00a0\u00bbmedium\u00a0\u00bb style=\u00a0\u00bbvc_box_border\u00a0\u00bb onclick=\u00a0\u00bblink_image\u00a0\u00bb][vc_single_image image=\u00a0\u00bb5693&Prime; img_size=\u00a0\u00bbmedium\u00a0\u00bb style=\u00a0\u00bbvc_box_border\u00a0\u00bb onclick=\u00a0\u00bblink_image\u00a0\u00bb][\/vc_column_inner][\/vc_row_inner][\/vc_column][\/vc_row][\/vc_section][vc_row][vc_column][vc_column_text]<\/p>\n<h2 style=\"text-align: center;\">L&rsquo;\u00e9dition originale <span class=\"BxUVEf ILfuVd\" lang=\"fr\"><span class=\"hgKElc pOOWX\">\u2013<\/span><\/span> 2024<\/h2>\n<p>[\/vc_column_text][vc_single_image image=\u00a0\u00bb1161&Prime; img_size=\u00a0\u00bbmedium\u00a0\u00bb alignment=\u00a0\u00bbcenter\u00a0\u00bb onclick=\u00a0\u00bblink_image\u00a0\u00bb][\/vc_column][\/vc_row][vc_row][vc_column][vc_raw_html]JTNDaWZyYW1lJTBBJTIwJTIwc3JjJTNEJTIyaHR0cHMlM0ElMkYlMkZkcml2ZS5nb29nbGUuY29tJTJGZmlsZSUyRmQlMkYxVWx6cmJzWURUbEdXb0JQSnNHSDlHRDFCQWI3SkFKX0slMkZwcmV2aWV3JTIyJTBBJTIwJTIwd2lkdGglM0QlMjI2NDAlMjIlMEElMjAlMjBoZWlnaHQlM0QlMjI0ODAlMjIlMEElMjAlMjBzdHlsZSUzRCUyMmRpc3BsYXklM0FibG9jayUzQiUyMG1hcmdpbiUzQTAlMjBhdXRvJTNCJTIyJTBBJTNFJTNDJTJGaWZyYW1lJTNF[\/vc_raw_html][\/vc_column][\/vc_row]<\/p>\n<\/section>","protected":false},"excerpt":{"rendered":"<p>[vc_section][vc_row][vc_column][vc_column_text] 2e \u00e9dition \u2013\u202f 2025 Retour en images sur l&rsquo;\u00e9dition 2025 du festival [\/vc_column_text][vc_row_inner][vc_column_inner width=\u00a0\u00bb1\/3&Prime;][vc_single_image image=\u00a0\u00bb1948&Prime;&#8230;<\/p>\n","protected":false},"author":4,"featured_media":5481,"parent":5486,"menu_order":0,"comment_status":"closed","ping_status":"closed","template":"","meta":{"footnotes":""},"class_list":["post-5688","page","type-page","status-publish","has-post-thumbnail","hentry"],"_links":{"self":[{"href":"https:\/\/www.ivredequilibre.com\/index.php\/wp-json\/wp\/v2\/pages\/5688","targetHints":{"allow":["GET"]}}],"collection":[{"href":"https:\/\/www.ivredequilibre.com\/index.php\/wp-json\/wp\/v2\/pages"}],"about":[{"href":"https:\/\/www.ivredequilibre.com\/index.php\/wp-json\/wp\/v2\/types\/page"}],"author":[{"embeddable":true,"href":"https:\/\/www.ivredequilibre.com\/index.php\/wp-json\/wp\/v2\/users\/4"}],"replies":[{"embeddable":true,"href":"https:\/\/www.ivredequilibre.com\/index.php\/wp-json\/wp\/v2\/comments?post=5688"}],"version-history":[{"count":16,"href":"https:\/\/www.ivredequilibre.com\/index.php\/wp-json\/wp\/v2\/pages\/5688\/revisions"}],"predecessor-version":[{"id":5723,"href":"https:\/\/www.ivredequilibre.com\/index.php\/wp-json\/wp\/v2\/pages\/5688\/revisions\/5723"}],"up":[{"embeddable":true,"href":"https:\/\/www.ivredequilibre.com\/index.php\/wp-json\/wp\/v2\/pages\/5486"}],"wp:featuredmedia":[{"embeddable":true,"href":"https:\/\/www.ivredequilibre.com\/index.php\/wp-json\/wp\/v2\/media\/5481"}],"wp:attachment":[{"href":"https:\/\/www.ivredequilibre.com\/index.php\/wp-json\/wp\/v2\/media?parent=5688"}],"curies":[{"name":"wp","href":"https:\/\/api.w.org\/{rel}","templated":true}]}}